{"id":20,"date":"2026-05-03T11:08:58","date_gmt":"2026-05-03T11:08:58","guid":{"rendered":"https:\/\/www.wydawnictwometafora.pl\/?page_id=20"},"modified":"2026-05-12T12:45:55","modified_gmt":"2026-05-12T12:45:55","slug":"kontakt","status":"publish","type":"page","link":"https:\/\/www.wydawnictwometafora.pl\/?page_id=20","title":{"rendered":"Kontakt"},"content":{"rendered":"\n<div style=\"height:100px\" aria-hidden=\"true\" class=\"wp-block-spacer\"><\/div>\n\n\n\n<div class=\"wp-block-columns has-small-font-size is-layout-flex wp-container-core-columns-is-layout-28f84493 wp-block-columns-is-layout-flex\">\n<div class=\"wp-block-column is-layout-flow wp-block-column-is-layout-flow\" style=\"flex-basis:33.34%\">\n<p class=\"has-medium-font-size\" style=\"margin-right:0;margin-left:0;line-height:1.5;text-transform:none\">Wydawnictwo Metafora <br>jest mark\u0105 Iskra Studio<br>ul. Or\u0142owicza 20\/3<br>50-539, WROC\u0141AW<br><br><\/p>\n<\/div>\n\n\n\n<div class=\"wp-block-column is-layout-flow wp-block-column-is-layout-flow\" style=\"flex-basis:33.34%\">\n<p class=\"has-medium-font-size\">BIURO<br>Fundacja Kultury Metafora<br>ul. Wio\u015blarska 9<br>67-200 G\u0142og\u00f3w<\/p>\n<\/div>\n\n\n\n<div class=\"wp-block-column is-layout-flow wp-block-column-is-layout-flow\" style=\"flex-basis:33.33%\">\n<p class=\"has-medium-font-size\">ODDZIA\u0141<br>ul. Farbiarska 65e2<br>02-862 Warszawa<\/p>\n<\/div>\n<\/div>\n\n\n\n<p><\/p>\n\n\n\n<p class=\"has-medium-font-size\" style=\"margin-right:0;margin-left:0;padding-right:20px;padding-left:0\">NIP 8381848919<br>REGON 362298602<\/p>\n\n\n\n<p style=\"margin-right:0;margin-left:0;padding-right:20px;padding-left:0\"><\/p>\n\n\n\n<p class=\"has-medium-font-size\" style=\"margin-right:0;margin-left:0;padding-right:20px;padding-left:0\">mail: biuro@fundacjametafora.pl<br>mob: +48 796-756-966<br><\/p>\n\n\n\n<div style=\"height:100px\" aria-hidden=\"true\" class=\"wp-block-spacer\"><\/div>\n","protected":false},"excerpt":{"rendered":"<p>Wydawnictwo Metafora jest mark\u0105 Iskra Studioul. Or\u0142owicza 20\/350-539, WROC\u0141AW BIUROFundacja Kultury Metaforaul. Wio\u015blarska 967-200 G\u0142og\u00f3w ODDZIA\u0141ul. Farbiarska 65e202-862 Warszawa NIP 8381848919REGON 362298602 mail: biuro@fundacjametafora.plmob: +48 796-756-966<\/p>\n","protected":false},"author":1,"featured_media":0,"parent":0,"menu_order":0,"comment_status":"closed","ping_status":"closed","template":"","meta":{"footnotes":""},"class_list":["post-20","page","type-page","status-publish","hentry"],"blocksy_meta":[],"_links":{"self":[{"href":"https:\/\/www.wydawnictwometafora.pl\/index.php?rest_route=\/wp\/v2\/pages\/20","targetHints":{"allow":["GET"]}}],"collection":[{"href":"https:\/\/www.wydawnictwometafora.pl\/index.php?rest_route=\/wp\/v2\/pages"}],"about":[{"href":"https:\/\/www.wydawnictwometafora.pl\/index.php?rest_route=\/wp\/v2\/types\/page"}],"author":[{"embeddable":true,"href":"https:\/\/www.wydawnictwometafora.pl\/index.php?rest_route=\/wp\/v2\/users\/1"}],"replies":[{"embeddable":true,"href":"https:\/\/www.wydawnictwometafora.pl\/index.php?rest_route=%2Fwp%2Fv2%2Fcomments&post=20"}],"version-history":[{"count":13,"href":"https:\/\/www.wydawnictwometafora.pl\/index.php?rest_route=\/wp\/v2\/pages\/20\/revisions"}],"predecessor-version":[{"id":371,"href":"https:\/\/www.wydawnictwometafora.pl\/index.php?rest_route=\/wp\/v2\/pages\/20\/revisions\/371"}],"wp:attachment":[{"href":"https:\/\/www.wydawnictwometafora.pl\/index.php?rest_route=%2Fwp%2Fv2%2Fmedia&parent=20"}],"curies":[{"name":"wp","href":"https:\/\/api.w.org\/{rel}","templated":true}]}}