{"id":49,"date":"2026-05-03T12:32:11","date_gmt":"2026-05-03T12:32:11","guid":{"rendered":"https:\/\/www.wydawnictwometafora.pl\/?page_id=49"},"modified":"2026-05-06T13:36:20","modified_gmt":"2026-05-06T13:36:20","slug":"start","status":"publish","type":"page","link":"https:\/\/www.wydawnictwometafora.pl\/","title":{"rendered":"Start"},"content":{"rendered":"\n<figure class=\"wp-block-image aligncenter size-full is-resized has-custom-border is-style-default\"><img loading=\"lazy\" decoding=\"async\" width=\"1400\" height=\"600\" src=\"https:\/\/www.wydawnictwometafora.pl\/wp-content\/uploads\/2026\/05\/1.png\" alt=\"\" class=\"wp-image-262\" style=\"border-top-left-radius:8px;border-top-right-radius:8px;border-bottom-left-radius:8px;border-bottom-right-radius:8px;box-shadow:var(--wp--preset--shadow--natural);aspect-ratio:2.3333221779235744;width:1176px;height:auto\" srcset=\"https:\/\/www.wydawnictwometafora.pl\/wp-content\/uploads\/2026\/05\/1.png 1400w, https:\/\/www.wydawnictwometafora.pl\/wp-content\/uploads\/2026\/05\/1-1200x514.png 1200w, https:\/\/www.wydawnictwometafora.pl\/wp-content\/uploads\/2026\/05\/1-300x129.png 300w, https:\/\/www.wydawnictwometafora.pl\/wp-content\/uploads\/2026\/05\/1-1024x439.png 1024w, https:\/\/www.wydawnictwometafora.pl\/wp-content\/uploads\/2026\/05\/1-768x329.png 768w\" sizes=\"auto, (max-width: 1400px) 100vw, 1400px\" \/><\/figure>\n\n\n\n<div class=\"wp-block-buttons is-content-justification-center is-layout-flex wp-container-core-buttons-is-layout-a89b3969 wp-block-buttons-is-layout-flex\">\n<div class=\"wp-block-button has-custom-width wp-block-button__width-50\"><a class=\"wp-block-button__link has-background wp-element-button\" href=\"https:\/\/www.wydawnictwometafora.pl\/?page_id=120\" style=\"background:linear-gradient(263deg,rgb(0,132,101) 0%,rgb(51,8,103) 100%)\">SPRAWD\u0179<\/a><\/div>\n<\/div>\n\n\n\n<div style=\"height:100px\" aria-hidden=\"true\" class=\"wp-block-spacer\"><\/div>\n\n\n\n<div class=\"wp-block-media-text is-stacked-on-mobile\" style=\"margin-right:0px;margin-left:0px;padding-top:var(--wp--preset--spacing--40);padding-right:var(--wp--preset--spacing--80);padding-bottom:var(--wp--preset--spacing--40);padding-left:var(--wp--preset--spacing--80);grid-template-columns:33% auto\"><figure class=\"wp-block-media-text__media\"><img loading=\"lazy\" decoding=\"async\" width=\"1024\" height=\"1024\" src=\"https:\/\/www.wydawnictwometafora.pl\/wp-content\/uploads\/2026\/05\/m-1-1024x1024.png\" alt=\"\" class=\"wp-image-161 size-full\" srcset=\"https:\/\/www.wydawnictwometafora.pl\/wp-content\/uploads\/2026\/05\/m-1-1024x1024.png 1024w, https:\/\/www.wydawnictwometafora.pl\/wp-content\/uploads\/2026\/05\/m-1-300x300.png 300w, https:\/\/www.wydawnictwometafora.pl\/wp-content\/uploads\/2026\/05\/m-1-100x100.png 100w, https:\/\/www.wydawnictwometafora.pl\/wp-content\/uploads\/2026\/05\/m-1-150x150.png 150w, https:\/\/www.wydawnictwometafora.pl\/wp-content\/uploads\/2026\/05\/m-1-768x768.png 768w, https:\/\/www.wydawnictwometafora.pl\/wp-content\/uploads\/2026\/05\/m-1.png 1080w\" sizes=\"auto, (max-width: 1024px) 100vw, 1024px\" \/><\/figure><div class=\"wp-block-media-text__content\">\n<p class=\"has-palette-color-3-color has-text-color has-link-color has-medium-font-size wp-elements-117f1f8a16b22c7c06074f128cddf52a\">Wydajemy wyobra\u017ani\u0119 \u2014 s\u0142owa kute w zdania, w\u0105tki tkane w akapit, strony szyte w ksi\u0105\u017cki.<\/p>\n\n\n\n<p class=\"has-palette-color-3-color has-text-color has-link-color has-medium-font-size wp-elements-583a797ed5a2aa4b16f094e137dc240a\"><br>Jeste\u015bmy w trakcie pracy nad pierwsz\u0105 publikacj\u0105, ju\u017c nied\u0142ugo oddamy j\u0105 w r\u0119ce czytelnik\u00f3w.<\/p>\n\n\n\n<p class=\"has-palette-color-3-color has-text-color has-link-color has-medium-font-size wp-elements-2cdb13766cdac965a56d720ad5552036\">Niebawem otworzymy r\u00f3wnie\u017c nab\u00f3r nowych tytu\u0142\u00f3w. <br>B\u0105d\u017amy w kontakcie!<\/p>\n<\/div><\/div>\n\n\n\n<div style=\"height:100px\" aria-hidden=\"true\" class=\"wp-block-spacer\"><\/div>\n\n\n\n<h2 class=\"wp-block-heading has-text-align-center has-palette-color-2-color has-text-color has-link-color wp-elements-73830cc6304fec9a0e34b4eb743b03e8\" style=\"font-size:clamp(24.034px, 1.502rem + ((1vw - 3.2px) * 1.247), 40px);\">ZAPOWIEDZI<\/h2>\n\n\n\n<div style=\"height:100px\" aria-hidden=\"true\" class=\"wp-block-spacer\"><\/div>\n\n\n\n<div class=\"wp-block-media-text is-stacked-on-mobile\"><figure class=\"wp-block-media-text__media\"><img loading=\"lazy\" decoding=\"async\" width=\"735\" height=\"1024\" src=\"https:\/\/www.wydawnictwometafora.pl\/wp-content\/uploads\/2026\/05\/Liber2_okladka-pion@4x-100-735x1024.jpg\" alt=\"\" class=\"wp-image-101 size-full\" srcset=\"https:\/\/www.wydawnictwometafora.pl\/wp-content\/uploads\/2026\/05\/Liber2_okladka-pion@4x-100-735x1024.jpg 735w, https:\/\/www.wydawnictwometafora.pl\/wp-content\/uploads\/2026\/05\/Liber2_okladka-pion@4x-100-1200x1671.jpg 1200w, https:\/\/www.wydawnictwometafora.pl\/wp-content\/uploads\/2026\/05\/Liber2_okladka-pion@4x-100-215x300.jpg 215w, https:\/\/www.wydawnictwometafora.pl\/wp-content\/uploads\/2026\/05\/Liber2_okladka-pion@4x-100-768x1070.jpg 768w, https:\/\/www.wydawnictwometafora.pl\/wp-content\/uploads\/2026\/05\/Liber2_okladka-pion@4x-100-1103x1536.jpg 1103w, https:\/\/www.wydawnictwometafora.pl\/wp-content\/uploads\/2026\/05\/Liber2_okladka-pion@4x-100-1470x2048.jpg 1470w, https:\/\/www.wydawnictwometafora.pl\/wp-content\/uploads\/2026\/05\/Liber2_okladka-pion@4x-100.jpg 1792w\" sizes=\"auto, (max-width: 735px) 100vw, 735px\" \/><\/figure><div class=\"wp-block-media-text__content\">\n<p class=\"has-text-color has-link-color has-medium-font-size wp-elements-c8b66ec4d2c2667e49bc3111dc0c7797\" style=\"color:#0f705c;text-transform:uppercase\"><strong>Wi\u0119zienie nie jest przeszkod\u0105, <\/strong><br><strong>by walczy\u0107 o prawa zwierz\u0105t<\/strong><\/p>\n\n\n\n<p><\/p>\n\n\n\n<div style=\"height:59px\" aria-hidden=\"true\" class=\"wp-block-spacer\"><\/div>\n\n\n\n<p>Zagini\u0119cie syna ministra \u015brodowiska staje si\u0119 pocz\u0105tkiem serii protest\u00f3w w imieniu zwierz\u0105t.<\/p>\n\n\n\n<p>Dla jednych to obro\u0144cy braci mniejszych, dla innych ekoterrory\u015bci.<\/p>\n\n\n\n<p><\/p>\n\n\n\n<p><\/p>\n\n\n\n<div style=\"height:59px\" aria-hidden=\"true\" class=\"wp-block-spacer\"><\/div>\n\n\n\n<p class=\"has-palette-color-2-color has-text-color has-link-color has-medium-font-size wp-elements-8b46eb76a8b6697260133cbf9b45e957\" style=\"text-transform:uppercase\"><strong>PREMIERA 09.06.2026<\/strong><\/p>\n\n\n\n<div style=\"height:59px\" aria-hidden=\"true\" class=\"wp-block-spacer\"><\/div>\n\n\n\n<div class=\"wp-block-buttons is-content-justification-center is-layout-flex wp-container-core-buttons-is-layout-a89b3969 wp-block-buttons-is-layout-flex\">\n<div class=\"wp-block-button has-custom-width wp-block-button__width-50 is-style-fill\"><a class=\"wp-block-button__link has-background wp-element-button\" href=\"https:\/\/www.wydawnictwometafora.pl\/?page_id=120\" style=\"background:linear-gradient(135deg,rgb(0,74,173) 0%,rgb(194,225,237) 100%);box-shadow:var(--wp--preset--shadow--natural)\">Przedsprzeda\u017c<\/a><\/div>\n<\/div>\n<\/div><\/div>\n\n\n\n<div class=\"wp-block-media-text is-stacked-on-mobile\"><figure class=\"wp-block-media-text__media\"><img loading=\"lazy\" decoding=\"async\" width=\"724\" height=\"1024\" src=\"https:\/\/www.wydawnictwometafora.pl\/wp-content\/uploads\/2026\/05\/Extrema-prospekt-724x1024.png\" alt=\"\" class=\"wp-image-106 size-full\" srcset=\"https:\/\/www.wydawnictwometafora.pl\/wp-content\/uploads\/2026\/05\/Extrema-prospekt-724x1024.png 724w, https:\/\/www.wydawnictwometafora.pl\/wp-content\/uploads\/2026\/05\/Extrema-prospekt-1200x1697.png 1200w, https:\/\/www.wydawnictwometafora.pl\/wp-content\/uploads\/2026\/05\/Extrema-prospekt-212x300.png 212w, https:\/\/www.wydawnictwometafora.pl\/wp-content\/uploads\/2026\/05\/Extrema-prospekt-768x1086.png 768w, https:\/\/www.wydawnictwometafora.pl\/wp-content\/uploads\/2026\/05\/Extrema-prospekt-1086x1536.png 1086w, https:\/\/www.wydawnictwometafora.pl\/wp-content\/uploads\/2026\/05\/Extrema-prospekt.png 1414w\" sizes=\"auto, (max-width: 724px) 100vw, 724px\" \/><\/figure><div class=\"wp-block-media-text__content\">\n<p class=\"has-text-color has-link-color has-medium-font-size wp-elements-fedaa2bb56b335153e62080c7effd3bc\" style=\"color:#a83e3e;text-transform:uppercase\"><strong>PREMIERA WRZESIE\u0143 2026<\/strong><\/p>\n\n\n\n<p>Organizacja Life up pomaga ludziom wyj\u015b\u0107 z kryzysu, zapa\u015bci, wypalenia, poczucia bezsensu, zap\u0119tlenia w ko\u0142owrotku. A robi to przy pomocy trening\u00f3w, na kt\u00f3rych adept musi sprosta\u0107 coraz wi\u0119kszym i trudniejszym wyzwaniom, by przekracza\u0107 w\u0142asne granice.<\/p>\n\n\n\n<p>Filip Ungier bra\u0142 udzia\u0142 w tym nowatorskim projekcie. Pewnego dnia nie wr\u00f3ci\u0142 do domu.<\/p>\n\n\n\n<p>Poruszone tematy:<br>\u2013 ciemne strony rozwoju duchowego i pseudo-terapii;<br>\u2013 wolonturystyka \u2013 wolontariat turystyczny. Organizacja odp\u0142atnych wyjazd\u00f3w na wolontariat to ogromny biznes \u2013 warto\u015b\u0107 szacuje si\u0119 dzi\u015b na 2,5 mld USD rocznie. A skoro tak, im wi\u0119cej sieroci\u0144c\u00f3w, tym lepiej. Im d\u0142u\u017cej buduj\u0105 szko\u0142\u0119, tym lepiej, im wi\u0119ksza bieda, tym wi\u0119kszy utarg. Zamiast niwelowa\u0107 r\u00f3\u017cnice w \u015bwiecie, przyczyniasz si\u0119 do ich powi\u0119kszania i cementowania takiego stanu rzeczy;<br>\u2013 narz\u0119dzia cyberkontroli spo\u0142ecznej, manipulacja gniewem, wyborem, sk\u0142onno\u015bciami;<br>\u2013 technologia i jej granice w komunikacji i lokalizacji w przestrzeni miejskiej oraz sposoby nawigowania na podstawie ruch\u00f3w i zdarze\u0144.<\/p>\n<\/div><\/div>\n\n\n\n<div class=\"wp-block-media-text is-stacked-on-mobile\"><figure class=\"wp-block-media-text__media\"><img loading=\"lazy\" decoding=\"async\" width=\"724\" height=\"1024\" src=\"https:\/\/www.wydawnictwometafora.pl\/wp-content\/uploads\/2026\/05\/kolaps-prospekt-724x1024.png\" alt=\"\" class=\"wp-image-113 size-full\" srcset=\"https:\/\/www.wydawnictwometafora.pl\/wp-content\/uploads\/2026\/05\/kolaps-prospekt-724x1024.png 724w, https:\/\/www.wydawnictwometafora.pl\/wp-content\/uploads\/2026\/05\/kolaps-prospekt-1200x1697.png 1200w, https:\/\/www.wydawnictwometafora.pl\/wp-content\/uploads\/2026\/05\/kolaps-prospekt-212x300.png 212w, https:\/\/www.wydawnictwometafora.pl\/wp-content\/uploads\/2026\/05\/kolaps-prospekt-768x1086.png 768w, https:\/\/www.wydawnictwometafora.pl\/wp-content\/uploads\/2026\/05\/kolaps-prospekt-1086x1536.png 1086w, https:\/\/www.wydawnictwometafora.pl\/wp-content\/uploads\/2026\/05\/kolaps-prospekt.png 1414w\" sizes=\"auto, (max-width: 724px) 100vw, 724px\" \/><\/figure><div class=\"wp-block-media-text__content\">\n<p class=\"has-palette-color-2-color has-text-color has-link-color has-medium-font-size wp-elements-af1063e0048a793f95969f6997972f4c\" style=\"text-transform:uppercase\"><strong><strong>PREMIERA LISTOPAD 2026<\/strong><\/strong><\/p>\n\n\n\n<p>Ten tom to fact-fiction \u2013 fabu\u0142a toczy si\u0119 na dw\u00f3ch planach czasowych \u2013 wojna lat 90 w Jugos\u0142awii i losy \u017cyj\u0105cych tam Polak\u00f3w oraz dzia\u0142alno\u015b\u0107 premiera Mazowieckiego w strukturach ONZ.<br>Na tym tle fikcyjni bohaterowie tworz\u0105 now\u0105 rzeczywisto\u015b\u0107 lat post-jugo w powstaj\u0105cych na Ba\u0142kanach o\u015brodkach wp\u0142yw\u00f3w mocarstw.<\/p>\n\n\n\n<p>Plan wsp\u00f3\u0142czesny to dzia\u0142alno\u015b\u0107 obcych wywiad\u00f3w w Polsce oraz polskiego w strukturach mi\u0119dzynarodowych w celu zwalczania grup terrorystycznych, cz\u0119sto dzia\u0142aj\u0105cych na zlecenia rz\u0105d\u00f3w.<\/p>\n\n\n\n<p>Tematy fabu\u0142y:<\/p>\n\n\n\n<ul class=\"wp-block-list\">\n<li>organizacje (nie)pomocowe<\/li>\n<\/ul>\n\n\n\n<ul class=\"wp-block-list\">\n<li>Infrastruktura krytyczna<\/li>\n<\/ul>\n\n\n\n<ul class=\"wp-block-list\">\n<li>wymuszenia cyfrowe now\u0105 broni\u0105 i walut\u0105<\/li>\n<\/ul>\n\n\n\n<ul class=\"wp-block-list\">\n<li>miasto \u2013 technologia u\u0142atwia \u017cycie mieszka\u0144c\u00f3w, ale mo\u017ce by\u0107 te\u017c narz\u0119dziem nacisku<\/li>\n<\/ul>\n\n\n\n<ul class=\"wp-block-list\">\n<li>nar\u00f3d i pa\u0144stwo czy obywatele \u015bwiata \u2013 kierunek zmian<\/li>\n<\/ul>\n\n\n\n<ul class=\"wp-block-list\">\n<li>bezpiecze\u0144stwo vs zagro\u017cenia<\/li>\n<\/ul>\n<\/div><\/div>\n\n\n\n<p><\/p>\n","protected":false},"excerpt":{"rendered":"<p>Wydajemy wyobra\u017ani\u0119 \u2014 s\u0142owa kute w zdania, w\u0105tki tkane w akapit, strony szyte w ksi\u0105\u017cki. Jeste\u015bmy w trakcie pracy nad pierwsz\u0105 publikacj\u0105, ju\u017c nied\u0142ugo oddamy j\u0105 w r\u0119ce czytelnik\u00f3w. Niebawem otworzymy r\u00f3wnie\u017c nab\u00f3r nowych tytu\u0142\u00f3w. B\u0105d\u017amy w kontakcie! ZAPOWIEDZI PREMIERA WRZESIE\u0143 2026 Organizacja Life up pomaga ludziom wyj\u015b\u0107 z kryzysu, zapa\u015bci, wypalenia, poczucia bezsensu, zap\u0119tlenia [&hellip;]<\/p>\n","protected":false},"author":1,"featured_media":0,"parent":0,"menu_order":0,"comment_status":"closed","ping_status":"closed","template":"","meta":{"footnotes":""},"class_list":["post-49","page","type-page","status-publish","hentry"],"blocksy_meta":{"has_hero_section":"disabled","styles_descriptor":{"styles":{"desktop":"","tablet":"","mobile":""},"google_fonts":[],"version":6}},"_links":{"self":[{"href":"https:\/\/www.wydawnictwometafora.pl\/index.php?rest_route=\/wp\/v2\/pages\/49","targetHints":{"allow":["GET"]}}],"collection":[{"href":"https:\/\/www.wydawnictwometafora.pl\/index.php?rest_route=\/wp\/v2\/pages"}],"about":[{"href":"https:\/\/www.wydawnictwometafora.pl\/index.php?rest_route=\/wp\/v2\/types\/page"}],"author":[{"embeddable":true,"href":"https:\/\/www.wydawnictwometafora.pl\/index.php?rest_route=\/wp\/v2\/users\/1"}],"replies":[{"embeddable":true,"href":"https:\/\/www.wydawnictwometafora.pl\/index.php?rest_route=%2Fwp%2Fv2%2Fcomments&post=49"}],"version-history":[{"count":55,"href":"https:\/\/www.wydawnictwometafora.pl\/index.php?rest_route=\/wp\/v2\/pages\/49\/revisions"}],"predecessor-version":[{"id":267,"href":"https:\/\/www.wydawnictwometafora.pl\/index.php?rest_route=\/wp\/v2\/pages\/49\/revisions\/267"}],"wp:attachment":[{"href":"https:\/\/www.wydawnictwometafora.pl\/index.php?rest_route=%2Fwp%2Fv2%2Fmedia&parent=49"}],"curies":[{"name":"wp","href":"https:\/\/api.w.org\/{rel}","templated":true}]}}