{"id":260,"date":"2026-05-06T11:12:38","date_gmt":"2026-05-06T11:12:38","guid":{"rendered":"https:\/\/www.wydawnictwometafora.pl\/?post_type=product&#038;p=260"},"modified":"2026-05-11T14:26:48","modified_gmt":"2026-05-11T14:26:48","slug":"liber-joanna-f-bielak-ebook","status":"publish","type":"product","link":"https:\/\/www.wydawnictwometafora.pl\/?product=liber-joanna-f-bielak-ebook","title":{"rendered":"LIBER Joanna F Bielak ebook"},"content":{"rendered":"<p>Biuro Poszukiwa\u0144 dostaje zg\u0142oszenie zagini\u0119cia syna ministra \u015brodowiska. Zaraz potem na miejskim placu kto\u015b montuje telebim z postulatami ekolog\u00f3w na temat ustawy zakazuj\u0105cej hodowli zwierz\u0105t futerkowych w Polsce.<br \/>\nSzybko pada podejrzenie, \u017ce to eko-wojownicy uprowadzili syna ministra, by wywrze\u0107 wp\u0142yw na rz\u0105d.<\/p>\n<p>Podczas gdy w Europie s\u0142ycha\u0107 poparcie dla walcz\u0105cych o prawa zwierz\u0105t, w Warszawie rozpoczyna si\u0119 wojna wszystkich ze wszystkimi: rz\u0105du z aktywistami, mi\u0119so\u017cerc\u00f3w i wegetarian, wreszcie matek domagaj\u0105cych si\u0119 przeprowadzania tradycyjnych bada\u0144 nowych lek\u00f3w, bo ich dzieci to jednak nie&#8230; kr\u00f3liki do\u015bwiadczalne.<\/p>\n<p>Fabu\u0142a drugiego planu to historia organizacji ekologicznej &#8211; jej agenda, ideologia, motywacje dzia\u0142aczy oraz zmiany ich sposobu my\u015blenia, procesy radykalizowania si\u0119 pogl\u0105d\u00f3w, jak jak dzia\u0142a ekota\u017c, wreszcie jak i dlaczego tworz\u0105 si\u0119 roz\u0142amy i ewoluuj\u0105 metody walki, a\u017c do u\u017cycia najbardziej ekstremalnych \u015brodk\u00f3w.<\/p>\n<p>W tym chaosie zesp\u00f3\u0142 Bety Sroki pr\u00f3buje odnale\u017a\u0107 syna ministra, ABW zatrzymuje ich prze\u0142o\u017con\u0105, a ekowojownicy gro\u017c\u0105 cyberatakiem na laboratoria.<\/p>\n<p>Czy policjantom uda si\u0119 uratowa\u0107 ch\u0142opaka, nie pog\u0142\u0119biaj\u0105c przy tym spo\u0142ecznych niepokoj\u00f3w?<br \/>\nKto steruje protestami?<br \/>\nI czy etykieta cruelty free nie jest czasem zwyk\u0142ym produktem do kupienia?<\/p>\n","protected":false},"excerpt":{"rendered":"<p>krymina\u0142\/ sensacja<\/p>\n<p>Zagini\u0119cie syna ministra \u015brodowiska to pocz\u0105tek fali protest\u00f3w w obronie zwierz\u0105t.<br \/>\nDla jednych to obro\u0144cy braci mniejszych, dla innych ekoterrory\u015bci.<\/p>\n<p>Zagini\u0119cie, ucieczka czy porwanie?<br \/>\nIle krok\u00f3w dzieli ekologa od radyka\u0142a?<br \/>\nA mo\u017ce inne metody zawodz\u0105 i tylko w taki spos\u00f3b mo\u017cna walczy\u0107 o uwolnienie<br \/>\ncierpi\u0105cych w klatkach zwierz\u0105t?<\/p>\n","protected":false},"featured_media":261,"template":"","meta":[],"product_brand":[],"product_cat":[22,20],"product_tag":[],"class_list":{"0":"post-260","1":"product","2":"type-product","3":"status-publish","4":"has-post-thumbnail","6":"product_cat-ebook","7":"product_cat-ksiegarnia","9":"first","10":"instock","11":"sale","12":"downloadable","13":"virtual","14":"taxable","15":"purchasable","16":"product-type-simple"},"_links":{"self":[{"href":"https:\/\/www.wydawnictwometafora.pl\/index.php?rest_route=\/wp\/v2\/product\/260","targetHints":{"allow":["GET"]}}],"collection":[{"href":"https:\/\/www.wydawnictwometafora.pl\/index.php?rest_route=\/wp\/v2\/product"}],"about":[{"href":"https:\/\/www.wydawnictwometafora.pl\/index.php?rest_route=\/wp\/v2\/types\/product"}],"wp:featuredmedia":[{"embeddable":true,"href":"https:\/\/www.wydawnictwometafora.pl\/index.php?rest_route=\/wp\/v2\/media\/261"}],"wp:attachment":[{"href":"https:\/\/www.wydawnictwometafora.pl\/index.php?rest_route=%2Fwp%2Fv2%2Fmedia&parent=260"}],"wp:term":[{"taxonomy":"product_brand","embeddable":true,"href":"https:\/\/www.wydawnictwometafora.pl\/index.php?rest_route=%2Fwp%2Fv2%2Fproduct_brand&post=260"},{"taxonomy":"product_cat","embeddable":true,"href":"https:\/\/www.wydawnictwometafora.pl\/index.php?rest_route=%2Fwp%2Fv2%2Fproduct_cat&post=260"},{"taxonomy":"product_tag","embeddable":true,"href":"https:\/\/www.wydawnictwometafora.pl\/index.php?rest_route=%2Fwp%2Fv2%2Fproduct_tag&post=260"}],"curies":[{"name":"wp","href":"https:\/\/api.w.org\/{rel}","templated":true}]}}